{"id":1027,"date":"2019-03-11T16:08:04","date_gmt":"2019-03-11T16:08:04","guid":{"rendered":"https:\/\/kozmus.group\/strojna-oprema\/"},"modified":"2019-05-10T11:36:36","modified_gmt":"2019-05-10T11:36:36","slug":"maschinenausruestung","status":"publish","type":"page","link":"https:\/\/kozmus.group\/de\/maschinenausruestung\/","title":{"rendered":"Maschinenausr\u00fcstung"},"content":{"rendered":"[spb_row element_name=&#8220;Row&#8220; wrap_type=&#8220;standard-width&#8220; row_bg_type=&#8220;color&#8220; color_row_height=&#8220;content-height&#8220; bg_type=&#8220;cover&#8220; parallax_image_height=&#8220;content-height&#8220; parallax_image_movement=&#8220;fixed&#8220; parallax_image_speed=&#8220;standard&#8220; bg_video_loop=&#8220;yes&#8220; parallax_video_height=&#8220;window-height&#8220; row_id=&#8220;intro&#8220; row_top_style=&#8220;none&#8220; row_bottom_style=&#8220;none&#8220; parallax_video_overlay=&#8220;none&#8220; row_overlay_opacity=&#8220;0&#8243; remove_element_spacing=&#8220;no&#8220; row_col_spacing=&#8220;0&#8243; row_col_pos=&#8220;default&#8220; row_col_equal_heights=&#8220;no&#8220; row_expanding=&#8220;no&#8220; row_animation=&#8220;none&#8220; row_animation_delay=&#8220;0&#8243; minimize_row=&#8220;no&#8220; simplified_controls=&#8220;yes&#8220; custom_css_percentage=&#8220;no&#8220; custom_css=&#8220;margin-top: 0px;margin-bottom: 0px;&#8220; border_styling_global=&#8220;default&#8220; width=&#8220;1\/1&#8243; el_position=&#8220;first last&#8220;] [spb_column col_sm=&#8220;12&#8243; padding_horizontal=&#8220;0&#8243; width=&#8220;1\/1&#8243; el_position=&#8220;first last&#8220;] [spb_blank_spacer height=&#8220;4rem&#8220; width=&#8220;1\/1&#8243; el_position=&#8220;first last&#8220;] [spb_text_block animation=&#8220;none&#8220; animation_delay=&#8220;0&#8243; simplified_controls=&#8220;yes&#8220; custom_css_percentage=&#8220;no&#8220; padding_vertical=&#8220;0&#8243; padding_horizontal=&#8220;0&#8243; margin_vertical=&#8220;0&#8243; custom_css=&#8220;margin-top: 0px;margin-bottom: 0px;&#8220; border_size=&#8220;0&#8243; border_styling_global=&#8220;default&#8220; width=&#8220;1\/1&#8243; el_position=&#8220;first last&#8220;]\n<h6 class=\"sredina\">WIR SIND STOLZ<\/h6>\n<h2 class=\"h1 sredina\">Auf unseren Einsatz moderner Technologien und einen entsprechenden Maschinenpark<\/h2>\n<p class=\"large sredina\">Unsere Ger\u00e4te werden regelm\u00e4\u00dfig sowohl von unserem eigenen Wartungsteam als auch von den Serviceteams der Hersteller gewartet. Die Genauigkeit und Zuverl\u00e4ssigkeit unseres Maschinenparks wird mehrmals j\u00e4hrlich \u00fcberpr\u00fcft.<\/p>\n[\/spb_text_block] [spb_blank_spacer height=&#8220;2rem&#8220; width=&#8220;1\/1&#8243; el_position=&#8220;first last&#8220;] [\/spb_column] [spb_column col_sm=&#8220;12&#8243; padding_horizontal=&#8220;0&#8243; width=&#8220;1\/1&#8243; el_position=&#8220;first last&#8220;] [spb_divider type=&#8220;thin&#8220; text=&#8220;Go to top&#8220; top_margin=&#8220;2rem&#8220; bottom_margin=&#8220;3rem&#8220; fullwidth=&#8220;no&#8220; width=&#8220;1\/1&#8243; el_position=&#8220;first last&#8220;] [\/spb_column] [\/spb_row] [spb_row element_name=&#8220;Row&#8220; wrap_type=&#8220;standard-width&#8220; row_bg_type=&#8220;color&#8220; color_row_height=&#8220;content-height&#8220; bg_type=&#8220;cover&#8220; parallax_image_height=&#8220;content-height&#8220; parallax_image_movement=&#8220;fixed&#8220; parallax_image_speed=&#8220;standard&#8220; bg_video_loop=&#8220;yes&#8220; parallax_video_height=&#8220;window-height&#8220; row_id=&#8220;oprema-2&#8243; row_name=&#8220;CNC-Fr\u00e4smaschinen&#8220; row_top_style=&#8220;none&#8220; row_bottom_style=&#8220;none&#8220; parallax_video_overlay=&#8220;none&#8220; row_overlay_opacity=&#8220;0&#8243; remove_element_spacing=&#8220;no&#8220; row_col_spacing=&#8220;0&#8243; row_col_pos=&#8220;default&#8220; row_col_equal_heights=&#8220;no&#8220; row_expanding=&#8220;no&#8220; row_animation=&#8220;none&#8220; row_animation_delay=&#8220;0&#8243; minimize_row=&#8220;no&#8220; simplified_controls=&#8220;yes&#8220; custom_css_percentage=&#8220;no&#8220; padding_vertical=&#8220;0&#8243; padding_horizontal=&#8220;0&#8243; margin_vertical=&#8220;0&#8243; custom_css=&#8220;margin-top: 0px;margin-bottom: 0px;&#8220; border_size=&#8220;0&#8243; border_styling_global=&#8220;default&#8220; width=&#8220;1\/1&#8243; el_position=&#8220;first last&#8220;] [spb_column col_sm=&#8220;12&#8243; padding_horizontal=&#8220;0&#8243; width=&#8220;1\/1&#8243; el_position=&#8220;first last&#8220;] [spb_blank_spacer height=&#8220;30px&#8220; width=&#8220;1\/1&#8243; el_position=&#8220;first last&#8220;] [\/spb_column] [spb_column col_sm=&#8220;12&#8243; padding_horizontal=&#8220;0&#8243; width=&#8220;1\/1&#8243; el_position=&#8220;first last&#8220;] [spb_text_block animation=&#8220;none&#8220; animation_delay=&#8220;0&#8243; simplified_controls=&#8220;yes&#8220; custom_css_percentage=&#8220;no&#8220; padding_vertical=&#8220;0&#8243; padding_horizontal=&#8220;0&#8243; margin_vertical=&#8220;0&#8243; custom_css=&#8220;margin-top: 0px;margin-bottom: 0px;&#8220; border_size=&#8220;0&#8243; border_styling_global=&#8220;default&#8220; width=&#8220;1\/1&#8243; el_position=&#8220;first last&#8220;]\n<h6>AUSR\u00dcSTUNG<\/h6>\n<h2>CNC-Fr\u00e4smaschinen<\/h2>\n[\/spb_text_block] [\/spb_column] [spb_column col_sm=&#8220;9&#8243; padding_horizontal=&#8220;0&#8243; width=&#8220;3\/4&#8243; el_position=&#8220;first&#8220;] [spb_gallery gallery_id=&#8220;909&#8243; display_type=&#8220;slider&#8220; columns=&#8220;5&#8243; fullwidth=&#8220;no&#8220; gutters=&#8220;yes&#8220; image_size=&#8220;full&#8220; slider_transition=&#8220;slide&#8220; show_thumbs=&#8220;no&#8220; autoplay=&#8220;no&#8220; show_captions=&#8220;no&#8220; enable_lightbox=&#8220;no&#8220; width=&#8220;1\/1&#8243; el_position=&#8220;first last&#8220;] [\/spb_column] [spb_column col_sm=&#8220;3&#8243; padding_horizontal=&#8220;0&#8243; width=&#8220;1\/4&#8243; el_position=&#8220;last&#8220;] [spb_text_block animation=&#8220;none&#8220; animation_delay=&#8220;0&#8243; simplified_controls=&#8220;yes&#8220; custom_css_percentage=&#8220;no&#8220; padding_vertical=&#8220;0&#8243; padding_horizontal=&#8220;0&#8243; margin_vertical=&#8220;0&#8243; custom_css=&#8220;margin-top: 0px;margin-bottom: 0px;&#8220; border_size=&#8220;0&#8243; border_styling_global=&#8220;default&#8220; el_class=&#8220;oprema&#8220; width=&#8220;1\/1&#8243; el_position=&#8220;first last&#8220;]\n<p class=\"large\"><strong>MV 1100<\/strong><\/p>\n[\/spb_text_block] [spb_text_block animation=&#8220;none&#8220; animation_delay=&#8220;0&#8243; simplified_controls=&#8220;yes&#8220; custom_css_percentage=&#8220;no&#8220; padding_vertical=&#8220;0&#8243; padding_horizontal=&#8220;0&#8243; margin_vertical=&#8220;0&#8243; custom_css=&#8220;margin-top: 0px;margin-bottom: 0px;&#8220; border_size=&#8220;0&#8243; border_styling_global=&#8220;default&#8220; el_class=&#8220;oprema&#8220; width=&#8220;1\/1&#8243; el_position=&#8220;first last&#8220;]\n<p>BEARBEITUNGSOBERFL\u00c4CHE:<\/p>\n<ul>\n<li>X=1100 mm<\/li>\n<li>Y=650 mm<\/li>\n<li>Z=620 mm<\/li>\n<\/ul>\n[\/spb_text_block] [\/spb_column] [spb_column col_sm=&#8220;9&#8243; padding_horizontal=&#8220;0&#8243; width=&#8220;3\/4&#8243; el_position=&#8220;first&#8220;] [spb_gallery gallery_id=&#8220;919&#8243; display_type=&#8220;slider&#8220; columns=&#8220;5&#8243; fullwidth=&#8220;no&#8220; gutters=&#8220;yes&#8220; image_size=&#8220;full&#8220; slider_transition=&#8220;slide&#8220; show_thumbs=&#8220;no&#8220; autoplay=&#8220;no&#8220; show_captions=&#8220;no&#8220; enable_lightbox=&#8220;no&#8220; width=&#8220;1\/1&#8243; el_position=&#8220;first last&#8220;] [\/spb_column] [spb_column col_sm=&#8220;3&#8243; padding_horizontal=&#8220;0&#8243; width=&#8220;1\/4&#8243; el_position=&#8220;last&#8220;] [spb_text_block animation=&#8220;none&#8220; animation_delay=&#8220;0&#8243; simplified_controls=&#8220;yes&#8220; custom_css_percentage=&#8220;no&#8220; padding_vertical=&#8220;0&#8243; padding_horizontal=&#8220;0&#8243; margin_vertical=&#8220;0&#8243; custom_css=&#8220;margin-top: 0px;margin-bottom: 0px;&#8220; border_size=&#8220;0&#8243; border_styling_global=&#8220;default&#8220; el_class=&#8220;oprema&#8220; width=&#8220;1\/1&#8243; el_position=&#8220;first last&#8220;]\n<p class=\"large\"><strong>EV 860-1 in<br \/>\nEV 860-2<\/strong><\/p>\n[\/spb_text_block] [spb_text_block animation=&#8220;none&#8220; animation_delay=&#8220;0&#8243; simplified_controls=&#8220;yes&#8220; custom_css_percentage=&#8220;no&#8220; padding_vertical=&#8220;0&#8243; padding_horizontal=&#8220;0&#8243; margin_vertical=&#8220;0&#8243; custom_css=&#8220;margin-top: 0px;margin-bottom: 0px;&#8220; border_size=&#8220;0&#8243; border_styling_global=&#8220;default&#8220; el_class=&#8220;oprema&#8220; width=&#8220;1\/1&#8243; el_position=&#8220;first last&#8220;]\n<p>BEARBEITUNGSOBERFL\u00c4CHE:<\/p>\n<ul>\n<li>X=860 mm<\/li>\n<li>Y=600 mm<\/li>\n<li>Z=610 mm<\/li>\n<\/ul>\n[\/spb_text_block] [\/spb_column] [spb_column col_sm=&#8220;9&#8243; padding_horizontal=&#8220;0&#8243; width=&#8220;3\/4&#8243; el_position=&#8220;first&#8220;] [spb_gallery gallery_id=&#8220;933&#8243; display_type=&#8220;slider&#8220; columns=&#8220;5&#8243; fullwidth=&#8220;no&#8220; gutters=&#8220;yes&#8220; image_size=&#8220;full&#8220; slider_transition=&#8220;slide&#8220; show_thumbs=&#8220;no&#8220; autoplay=&#8220;no&#8220; show_captions=&#8220;no&#8220; enable_lightbox=&#8220;no&#8220; width=&#8220;1\/1&#8243; el_position=&#8220;first last&#8220;] [\/spb_column] [spb_column col_sm=&#8220;3&#8243; padding_horizontal=&#8220;0&#8243; width=&#8220;1\/4&#8243; el_position=&#8220;last&#8220;] [spb_text_block animation=&#8220;none&#8220; animation_delay=&#8220;0&#8243; simplified_controls=&#8220;yes&#8220; custom_css_percentage=&#8220;no&#8220; padding_vertical=&#8220;0&#8243; padding_horizontal=&#8220;0&#8243; margin_vertical=&#8220;0&#8243; custom_css=&#8220;margin-top: 0px;margin-bottom: 0px;&#8220; border_size=&#8220;0&#8243; border_styling_global=&#8220;default&#8220; el_class=&#8220;oprema&#8220; width=&#8220;1\/1&#8243; el_position=&#8220;first last&#8220;]\n<p class=\"large\"><strong>MV 1300<\/strong><\/p>\n[\/spb_text_block] [spb_text_block animation=&#8220;none&#8220; animation_delay=&#8220;0&#8243; simplified_controls=&#8220;yes&#8220; custom_css_percentage=&#8220;no&#8220; padding_vertical=&#8220;0&#8243; padding_horizontal=&#8220;0&#8243; margin_vertical=&#8220;0&#8243; custom_css=&#8220;margin-top: 0px;margin-bottom: 0px;&#8220; border_size=&#8220;0&#8243; border_styling_global=&#8220;default&#8220; el_class=&#8220;oprema&#8220; width=&#8220;1\/1&#8243; el_position=&#8220;first last&#8220;]\n<p>BEARBEITUNGSOBERFL\u00c4CHE:<\/p>\n<ul>\n<li>X=1300 mm<\/li>\n<li>Y=680 mm<\/li>\n<li>Z=680 mm<\/li>\n<\/ul>\n[\/spb_text_block] [\/spb_column] [\/spb_row] [spb_row element_name=&#8220;Row&#8220; wrap_type=&#8220;standard-width&#8220; row_bg_type=&#8220;color&#8220; color_row_height=&#8220;content-height&#8220; bg_type=&#8220;cover&#8220; parallax_image_height=&#8220;content-height&#8220; parallax_image_movement=&#8220;fixed&#8220; parallax_image_speed=&#8220;standard&#8220; bg_video_loop=&#8220;yes&#8220; parallax_video_height=&#8220;window-height&#8220; row_id=&#8220;oprema-3&#8243; row_name=&#8220;CNC-Drehmaschinen&#8220; row_top_style=&#8220;none&#8220; row_bottom_style=&#8220;none&#8220; parallax_video_overlay=&#8220;none&#8220; row_overlay_opacity=&#8220;0&#8243; remove_element_spacing=&#8220;no&#8220; row_col_spacing=&#8220;0&#8243; row_col_pos=&#8220;default&#8220; row_col_equal_heights=&#8220;no&#8220; row_expanding=&#8220;no&#8220; row_animation=&#8220;none&#8220; row_animation_delay=&#8220;0&#8243; minimize_row=&#8220;no&#8220; simplified_controls=&#8220;yes&#8220; custom_css_percentage=&#8220;no&#8220; padding_vertical=&#8220;0&#8243; padding_horizontal=&#8220;0&#8243; margin_vertical=&#8220;0&#8243; custom_css=&#8220;margin-top: 0px;margin-bottom: 0px;&#8220; border_size=&#8220;0&#8243; border_styling_global=&#8220;default&#8220; width=&#8220;1\/1&#8243; el_position=&#8220;first last&#8220;] [spb_column col_sm=&#8220;12&#8243; padding_horizontal=&#8220;0&#8243; width=&#8220;1\/1&#8243; el_position=&#8220;first last&#8220;] [spb_blank_spacer height=&#8220;30px&#8220; width=&#8220;1\/1&#8243; el_position=&#8220;first last&#8220;] [\/spb_column] [spb_column col_sm=&#8220;12&#8243; padding_horizontal=&#8220;0&#8243; width=&#8220;1\/1&#8243; el_position=&#8220;first last&#8220;] [spb_text_block animation=&#8220;none&#8220; animation_delay=&#8220;0&#8243; simplified_controls=&#8220;yes&#8220; custom_css_percentage=&#8220;no&#8220; padding_vertical=&#8220;0&#8243; padding_horizontal=&#8220;0&#8243; margin_vertical=&#8220;0&#8243; custom_css=&#8220;margin-top: 0px;margin-bottom: 0px;&#8220; border_size=&#8220;0&#8243; border_styling_global=&#8220;default&#8220; width=&#8220;1\/1&#8243; el_position=&#8220;first last&#8220;]\n<h6>AUSR\u00dcSTUNG<\/h6>\n<h2>CNC-Drehmaschinen<\/h2>\n[\/spb_text_block] [\/spb_column] [spb_column col_sm=&#8220;9&#8243; padding_horizontal=&#8220;0&#8243; width=&#8220;3\/4&#8243; el_position=&#8220;first&#8220;] [spb_gallery gallery_id=&#8220;945&#8243; display_type=&#8220;slider&#8220; columns=&#8220;5&#8243; fullwidth=&#8220;no&#8220; gutters=&#8220;yes&#8220; image_size=&#8220;full&#8220; slider_transition=&#8220;slide&#8220; show_thumbs=&#8220;no&#8220; autoplay=&#8220;no&#8220; show_captions=&#8220;no&#8220; enable_lightbox=&#8220;no&#8220; width=&#8220;1\/1&#8243; el_position=&#8220;first last&#8220;] [\/spb_column] [spb_column col_sm=&#8220;3&#8243; padding_horizontal=&#8220;0&#8243; width=&#8220;1\/4&#8243; el_position=&#8220;last&#8220;] [spb_text_block animation=&#8220;none&#8220; animation_delay=&#8220;0&#8243; simplified_controls=&#8220;yes&#8220; custom_css_percentage=&#8220;no&#8220; padding_vertical=&#8220;0&#8243; padding_horizontal=&#8220;0&#8243; margin_vertical=&#8220;0&#8243; custom_css=&#8220;margin-top: 0px;margin-bottom: 0px;&#8220; border_size=&#8220;0&#8243; border_styling_global=&#8220;default&#8220; el_class=&#8220;oprema&#8220; width=&#8220;1\/1&#8243; el_position=&#8220;first last&#8220;]\n<p class=\"large\"><strong>ML 580<\/strong><\/p>\n[\/spb_text_block] [spb_text_block animation=&#8220;none&#8220; animation_delay=&#8220;0&#8243; simplified_controls=&#8220;yes&#8220; custom_css_percentage=&#8220;no&#8220; padding_vertical=&#8220;0&#8243; padding_horizontal=&#8220;0&#8243; margin_vertical=&#8220;0&#8243; custom_css=&#8220;margin-top: 0px;margin-bottom: 0px;&#8220; border_size=&#8220;0&#8243; border_styling_global=&#8220;default&#8220; el_class=&#8220;oprema&#8220; width=&#8220;1\/1&#8243; el_position=&#8220;first last&#8220;]\n<p>BEARBEITUNGSOBERFL\u00c4CHE:<\/p>\n<ul>\n<li>FI=330 mm<\/li>\n<li>L=600 mm<\/li>\n<\/ul>\n[\/spb_text_block] [\/spb_column] [spb_column col_sm=&#8220;9&#8243; padding_horizontal=&#8220;0&#8243; width=&#8220;3\/4&#8243; el_position=&#8220;first&#8220;] [spb_gallery gallery_id=&#8220;964&#8243; display_type=&#8220;slider&#8220; columns=&#8220;5&#8243; fullwidth=&#8220;no&#8220; gutters=&#8220;yes&#8220; image_size=&#8220;full&#8220; slider_transition=&#8220;slide&#8220; show_thumbs=&#8220;no&#8220; autoplay=&#8220;no&#8220; show_captions=&#8220;no&#8220; enable_lightbox=&#8220;no&#8220; width=&#8220;1\/1&#8243; el_position=&#8220;first last&#8220;] [\/spb_column] [spb_column col_sm=&#8220;3&#8243; padding_horizontal=&#8220;0&#8243; width=&#8220;1\/4&#8243; el_position=&#8220;last&#8220;] [spb_text_block animation=&#8220;none&#8220; animation_delay=&#8220;0&#8243; simplified_controls=&#8220;yes&#8220; custom_css_percentage=&#8220;no&#8220; padding_vertical=&#8220;0&#8243; padding_horizontal=&#8220;0&#8243; margin_vertical=&#8220;0&#8243; custom_css=&#8220;margin-top: 0px;margin-bottom: 0px;&#8220; border_size=&#8220;0&#8243; border_styling_global=&#8220;default&#8220; el_class=&#8220;oprema&#8220; width=&#8220;1\/1&#8243; el_position=&#8220;first last&#8220;]\n<p class=\"large\"><strong>CS 660<\/strong><\/p>\n[\/spb_text_block] [spb_text_block animation=&#8220;none&#8220; animation_delay=&#8220;0&#8243; simplified_controls=&#8220;yes&#8220; custom_css_percentage=&#8220;no&#8220; padding_vertical=&#8220;0&#8243; padding_horizontal=&#8220;0&#8243; margin_vertical=&#8220;0&#8243; custom_css=&#8220;margin-top: 0px;margin-bottom: 0px;&#8220; border_size=&#8220;0&#8243; border_styling_global=&#8220;default&#8220; el_class=&#8220;oprema&#8220; width=&#8220;1\/1&#8243; el_position=&#8220;first last&#8220;]\n<p>BEARBEITUNGSOBERFL\u00c4CHE:<\/p>\n<ul>\n<li>FI=420 mm<\/li>\n<li>L=2000 mm<\/li>\n<\/ul>\n[\/spb_text_block] [\/spb_column] [spb_column col_sm=&#8220;9&#8243; padding_horizontal=&#8220;0&#8243; width=&#8220;3\/4&#8243; el_position=&#8220;first&#8220;] [spb_gallery gallery_id=&#8220;956&#8243; display_type=&#8220;slider&#8220; columns=&#8220;5&#8243; fullwidth=&#8220;no&#8220; gutters=&#8220;yes&#8220; image_size=&#8220;full&#8220; slider_transition=&#8220;slide&#8220; show_thumbs=&#8220;no&#8220; autoplay=&#8220;no&#8220; show_captions=&#8220;no&#8220; enable_lightbox=&#8220;no&#8220; width=&#8220;1\/1&#8243; el_position=&#8220;first last&#8220;] [\/spb_column] [spb_column col_sm=&#8220;3&#8243; padding_horizontal=&#8220;0&#8243; width=&#8220;1\/4&#8243; el_position=&#8220;last&#8220;] [spb_text_block animation=&#8220;none&#8220; animation_delay=&#8220;0&#8243; simplified_controls=&#8220;yes&#8220; custom_css_percentage=&#8220;no&#8220; padding_vertical=&#8220;0&#8243; padding_horizontal=&#8220;0&#8243; margin_vertical=&#8220;0&#8243; custom_css=&#8220;margin-top: 0px;margin-bottom: 0px;&#8220; border_size=&#8220;0&#8243; border_styling_global=&#8220;default&#8220; el_class=&#8220;oprema&#8220; width=&#8220;1\/1&#8243; el_position=&#8220;first last&#8220;]\n<p class=\"large\"><strong>ML 300<\/strong><\/p>\n[\/spb_text_block] [spb_text_block animation=&#8220;none&#8220; animation_delay=&#8220;0&#8243; simplified_controls=&#8220;yes&#8220; custom_css_percentage=&#8220;no&#8220; padding_vertical=&#8220;0&#8243; padding_horizontal=&#8220;0&#8243; margin_vertical=&#8220;0&#8243; custom_css=&#8220;margin-top: 0px;margin-bottom: 0px;&#8220; border_size=&#8220;0&#8243; border_styling_global=&#8220;default&#8220; el_class=&#8220;oprema&#8220; width=&#8220;1\/1&#8243; el_position=&#8220;first last&#8220;]\n<p>BEARBEITUNGSOBERFL\u00c4CHE:<\/p>\n<ul>\n<li>FI=330 mm<\/li>\n<li>L=600 mm<\/li>\n<\/ul>\n[\/spb_text_block] [\/spb_column] [spb_column col_sm=&#8220;9&#8243; padding_horizontal=&#8220;0&#8243; width=&#8220;3\/4&#8243; el_position=&#8220;first&#8220;] [spb_gallery gallery_id=&#8220;972&#8243; display_type=&#8220;slider&#8220; columns=&#8220;5&#8243; fullwidth=&#8220;no&#8220; gutters=&#8220;yes&#8220; image_size=&#8220;full&#8220; slider_transition=&#8220;slide&#8220; show_thumbs=&#8220;no&#8220; autoplay=&#8220;no&#8220; show_captions=&#8220;no&#8220; enable_lightbox=&#8220;no&#8220; width=&#8220;1\/1&#8243; el_position=&#8220;first last&#8220;] [\/spb_column] [spb_column col_sm=&#8220;3&#8243; padding_horizontal=&#8220;0&#8243; width=&#8220;1\/4&#8243; el_position=&#8220;last&#8220;] [spb_text_block animation=&#8220;none&#8220; animation_delay=&#8220;0&#8243; simplified_controls=&#8220;yes&#8220; custom_css_percentage=&#8220;no&#8220; padding_vertical=&#8220;0&#8243; padding_horizontal=&#8220;0&#8243; margin_vertical=&#8220;0&#8243; custom_css=&#8220;margin-top: 0px;margin-bottom: 0px;&#8220; border_size=&#8220;0&#8243; border_styling_global=&#8220;default&#8220; el_class=&#8220;oprema&#8220; width=&#8220;1\/1&#8243; el_position=&#8220;first last&#8220;]\n<p class=\"large\"><strong>CS 860<\/strong><\/p>\n[\/spb_text_block] [spb_text_block animation=&#8220;none&#8220; animation_delay=&#8220;0&#8243; simplified_controls=&#8220;yes&#8220; custom_css_percentage=&#8220;no&#8220; padding_vertical=&#8220;0&#8243; padding_horizontal=&#8220;0&#8243; margin_vertical=&#8220;0&#8243; custom_css=&#8220;margin-top: 0px;margin-bottom: 0px;&#8220; border_size=&#8220;0&#8243; border_styling_global=&#8220;default&#8220; el_class=&#8220;oprema&#8220; width=&#8220;1\/1&#8243; el_position=&#8220;first last&#8220;]\n<p>BEARBEITUNGSOBERFL\u00c4CHE:<\/p>\n<ul>\n<li>FI=860 mm<\/li>\n<li>L=3000 mm<\/li>\n<\/ul>\n[\/spb_text_block] [\/spb_column] [\/spb_row] [spb_section spb_section_id=&#8220;816&#8243; width=&#8220;1\/1&#8243; el_position=&#8220;first last&#8220;]\n","protected":false},"excerpt":{"rendered":"<p>[spb_row element_name=&#8220;Row&#8220; wrap_type=&#8220;standard-width&#8220; row_bg_type=&#8220;color&#8220; color_row_height=&#8220;content-height&#8220; bg_type=&#8220;cover&#8220; parallax_image_height=&#8220;content-height&#8220; parallax_image_movement=&#8220;fixed&#8220; parallax_image_speed=&#8220;standard&#8220; bg_video_loop=&#8220;yes&#8220; parallax_video_height=&#8220;window-height&#8220; row_id=&#8220;intro&#8220; row_top_style=&#8220;none&#8220; row_bottom_style=&#8220;none&#8220; parallax_video_overlay=&#8220;none&#8220; row_overlay_opacity=&#8220;0&#8243; remove_element_spacing=&#8220;no&#8220; row_col_spacing=&#8220;0&#8243; row_col_pos=&#8220;default&#8220; row_col_equal_heights=&#8220;no&#8220; row_expanding=&#8220;no&#8220; row_animation=&#8220;none&#8220; row_animation_delay=&#8220;0&#8243; minimize_row=&#8220;no&#8220; simplified_controls=&#8220;yes&#8220; custom_css_percentage=&#8220;no&#8220; custom_css=&#8220;margin-top: 0px;margin-bottom: 0px;&#8220; border_styling_global=&#8220;default&#8220; width=&#8220;1\/1&#8243; el_position=&#8220;first last&#8220;] [spb_column col_sm=&#8220;12&#8243; padding_horizontal=&#8220;0&#8243; width=&#8220;1\/1&#8243; el_position=&#8220;first last&#8220;] [spb_blank_spacer height=&#8220;4rem&#8220; width=&#8220;1\/1&#8243; el_position=&#8220;first last&#8220;] [spb_text_block animation=&#8220;none&#8220; animation_delay=&#8220;0&#8243; simplified_controls=&#8220;yes&#8220; custom_css_percentage=&#8220;no&#8220; padding_vertical=&#8220;0&#8243; padding_horizontal=&#8220;0&#8243; margin_vertical=&#8220;0&#8243; custom_css=&#8220;margin-top: 0px;margin-bottom: 0px;&#8220; border_size=&#8220;0&#8243; border_styling_global=&#8220;default&#8220; width=&#8220;1\/1&#8243; el_position=&#8220;first last&#8220;] [&hellip;]<\/p>\n","protected":false},"author":1,"featured_media":0,"parent":0,"menu_order":0,"comment_status":"closed","ping_status":"closed","template":"","meta":{"footnotes":"","_links_to":"","_links_to_target":""},"class_list":["post-1027","page","type-page","status-publish","hentry"],"_links":{"self":[{"href":"https:\/\/kozmus.group\/de\/wp-json\/wp\/v2\/pages\/1027","targetHints":{"allow":["GET"]}}],"collection":[{"href":"https:\/\/kozmus.group\/de\/wp-json\/wp\/v2\/pages"}],"about":[{"href":"https:\/\/kozmus.group\/de\/wp-json\/wp\/v2\/types\/page"}],"author":[{"embeddable":true,"href":"https:\/\/kozmus.group\/de\/wp-json\/wp\/v2\/users\/1"}],"replies":[{"embeddable":true,"href":"https:\/\/kozmus.group\/de\/wp-json\/wp\/v2\/comments?post=1027"}],"version-history":[{"count":2,"href":"https:\/\/kozmus.group\/de\/wp-json\/wp\/v2\/pages\/1027\/revisions"}],"predecessor-version":[{"id":1029,"href":"https:\/\/kozmus.group\/de\/wp-json\/wp\/v2\/pages\/1027\/revisions\/1029"}],"wp:attachment":[{"href":"https:\/\/kozmus.group\/de\/wp-json\/wp\/v2\/media?parent=1027"}],"curies":[{"name":"wp","href":"https:\/\/api.w.org\/{rel}","templated":true}]}}