{"id":800,"date":"2019-02-21T14:17:59","date_gmt":"2019-02-21T14:17:59","guid":{"rendered":"https:\/\/kozmus.group\/storitve\/"},"modified":"2019-05-08T11:57:24","modified_gmt":"2019-05-08T11:57:24","slug":"dienstleistungen","status":"publish","type":"page","link":"https:\/\/kozmus.group\/de\/","title":{"rendered":"Dienstleistungen"},"content":{"rendered":"[spb_row element_name=&#8220;Row&#8220; wrap_type=&#8220;standard-width&#8220; row_bg_type=&#8220;color&#8220; color_row_height=&#8220;content-height&#8220; bg_type=&#8220;cover&#8220; parallax_image_height=&#8220;content-height&#8220; parallax_image_movement=&#8220;fixed&#8220; parallax_image_speed=&#8220;standard&#8220; bg_video_loop=&#8220;yes&#8220; parallax_video_height=&#8220;window-height&#8220; row_id=&#8220;storitve&#8220; row_name=&#8220;Dienstleistungen&#8220; row_top_style=&#8220;none&#8220; row_bottom_style=&#8220;none&#8220; parallax_video_overlay=&#8220;none&#8220; row_overlay_opacity=&#8220;0&#8243; remove_element_spacing=&#8220;no&#8220; row_col_spacing=&#8220;0&#8243; row_col_pos=&#8220;default&#8220; row_col_equal_heights=&#8220;no&#8220; row_expanding=&#8220;no&#8220; row_animation=&#8220;none&#8220; row_animation_delay=&#8220;0&#8243; minimize_row=&#8220;no&#8220; simplified_controls=&#8220;yes&#8220; custom_css_percentage=&#8220;no&#8220; padding_vertical=&#8220;0&#8243; padding_horizontal=&#8220;0&#8243; margin_vertical=&#8220;0&#8243; custom_css=&#8220;margin-top: 0px;margin-bottom: 0px;&#8220; border_size=&#8220;0&#8243; border_styling_global=&#8220;default&#8220; width=&#8220;1\/1&#8243; el_position=&#8220;first last&#8220;] [spb_column col_sm=&#8220;12&#8243; padding_horizontal=&#8220;0&#8243; width=&#8220;1\/1&#8243; el_position=&#8220;first last&#8220;] [spb_blank_spacer height=&#8220;4rem&#8220; width=&#8220;1\/1&#8243; el_position=&#8220;first last&#8220;] [spb_text_block animation=&#8220;none&#8220; animation_delay=&#8220;0&#8243; simplified_controls=&#8220;yes&#8220; custom_css_percentage=&#8220;no&#8220; padding_vertical=&#8220;0&#8243; padding_horizontal=&#8220;0&#8243; margin_vertical=&#8220;0&#8243; custom_css=&#8220;margin-top: 0px;margin-bottom: 0px;&#8220; border_size=&#8220;0&#8243; border_styling_global=&#8220;default&#8220; width=&#8220;1\/1&#8243; el_position=&#8220;first last&#8220;]\n<h6 class=\"sredina\">WIR SIND DIE RICHTIGE ADRESSE F\u00dcR<\/h6>\n<h2 class=\"h1 sredina\">Einwandfrei erledigte Dienstleistungen mit fachlicher Beratung.<\/h2>\n<p class=\"large sredina\">Wir bieten unseren Kunden eine breite Palette an Dienstleistungen an, darunter CNC-Bearbeitung, Schwei\u00dfen, Biegen, Fertigung und Montage von technologischen Anlagen.<\/p>\n[\/spb_text_block] [spb_blank_spacer height=&#8220;2rem&#8220; width=&#8220;1\/1&#8243; el_position=&#8220;first last&#8220;] [\/spb_column] [spb_column col_sm=&#8220;12&#8243; padding_horizontal=&#8220;0&#8243; width=&#8220;1\/1&#8243; el_position=&#8220;first last&#8220;] [spb_divider type=&#8220;thin&#8220; text=&#8220;Go to top&#8220; top_margin=&#8220;2rem&#8220; bottom_margin=&#8220;3rem&#8220; fullwidth=&#8220;no&#8220; width=&#8220;1\/1&#8243; el_position=&#8220;first last&#8220;] [\/spb_column] [\/spb_row] [spb_row element_name=&#8220;Row&#8220; wrap_type=&#8220;standard-width&#8220; row_bg_type=&#8220;color&#8220; color_row_height=&#8220;content-height&#8220; bg_type=&#8220;cover&#8220; parallax_image_height=&#8220;content-height&#8220; parallax_image_movement=&#8220;fixed&#8220; parallax_image_speed=&#8220;standard&#8220; bg_video_loop=&#8220;yes&#8220; parallax_video_height=&#8220;window-height&#8220; row_top_style=&#8220;none&#8220; row_bottom_style=&#8220;none&#8220; parallax_video_overlay=&#8220;none&#8220; row_overlay_opacity=&#8220;0&#8243; remove_element_spacing=&#8220;no&#8220; row_col_spacing=&#8220;0&#8243; row_col_pos=&#8220;default&#8220; row_col_equal_heights=&#8220;no&#8220; row_expanding=&#8220;no&#8220; row_animation=&#8220;none&#8220; row_animation_delay=&#8220;0&#8243; minimize_row=&#8220;no&#8220; simplified_controls=&#8220;yes&#8220; custom_css_percentage=&#8220;no&#8220; custom_css=&#8220;margin-top: 0px;margin-bottom: 0px;&#8220; border_styling_global=&#8220;default&#8220; width=&#8220;1\/1&#8243; el_position=&#8220;first last&#8220;] [spb_column col_sm=&#8220;12&#8243; padding_horizontal=&#8220;0&#8243; width=&#8220;1\/1&#8243; el_position=&#8220;first last&#8220;] [spb_blank_spacer height=&#8220;30px&#8220; width=&#8220;1\/1&#8243; el_position=&#8220;first last&#8220;] [\/spb_column] [spb_column col_sm=&#8220;4&#8243; padding_horizontal=&#8220;0&#8243; width=&#8220;1\/3&#8243; el_position=&#8220;first&#8220;] [spb_text_block animation=&#8220;none&#8220; animation_delay=&#8220;0&#8243; simplified_controls=&#8220;yes&#8220; custom_css_percentage=&#8220;no&#8220; padding_vertical=&#8220;0&#8243; padding_horizontal=&#8220;0&#8243; margin_vertical=&#8220;0&#8243; custom_css=&#8220;margin-top: 0px;margin-bottom: 0px;&#8220; border_size=&#8220;0&#8243; border_styling_global=&#8220;default&#8220; width=&#8220;1\/1&#8243; el_position=&#8220;first last&#8220;]\n<h6>DIENSTLEISTUNGEN<\/h6>\n<h2>Maschinelle Bearbeitung<\/h2>\n[\/spb_text_block] [spb_text_block animation=&#8220;none&#8220; animation_delay=&#8220;0&#8243; simplified_controls=&#8220;yes&#8220; custom_css_percentage=&#8220;no&#8220; padding_vertical=&#8220;0&#8243; padding_horizontal=&#8220;0&#8243; margin_vertical=&#8220;0&#8243; custom_css=&#8220;margin-top: 0px;margin-bottom: 0px;&#8220; border_size=&#8220;0&#8243; border_styling_global=&#8220;default&#8220; width=&#8220;1\/1&#8243; el_position=&#8220;first last&#8220;]\n<p>In der Firma Kozmus bieten wir technisch fortgeschrittene Dienstleistungen in der Metallverarbeitung. Wir sind spezialisiert auf die Pr\u00e4zisionsbearbeitung und Herstellung von Produkten auf modernen CNC-Fr\u00e4s- und Drehmaschinen aus allen g\u00e4ngigen Werkstoffen nach Ihren Konstruktionspl\u00e4nen.<\/p>\n[\/spb_text_block] [spb_blank_spacer height=&#8220;1rem&#8220; width=&#8220;1\/1&#8243; el_position=&#8220;first last&#8220;] [spb_button button_text=&#8220;Mehr Informationen&#8220; button_size=&#8220;standard&#8220; button_colour=&#8220;accent&#8220; button_type=&#8220;standard&#8220; rounded=&#8220;no&#8220; button_dropshadow=&#8220;no&#8220; button_link=&#8220;\/de\/dienstleistungen\/maschinelle-bearbeitung\/&#8220; button_target=&#8220;_self&#8220; align=&#8220;left&#8220; animation=&#8220;none&#8220; animation_delay=&#8220;0&#8243; width=&#8220;1\/1&#8243; el_position=&#8220;first last&#8220;] [\/spb_column] [spb_column col_sm=&#8220;8&#8243; padding_horizontal=&#8220;0&#8243; width=&#8220;2\/3&#8243; el_position=&#8220;last&#8220;] [spb_text_block animation=&#8220;none&#8220; animation_delay=&#8220;0&#8243; simplified_controls=&#8220;yes&#8220; custom_css_percentage=&#8220;no&#8220; padding_vertical=&#8220;0&#8243; padding_horizontal=&#8220;0&#8243; margin_vertical=&#8220;0&#8243; custom_css=&#8220;margin-top: 0px;margin-bottom: 0px;&#8220; border_size=&#8220;0&#8243; border_styling_global=&#8220;default&#8220; width=&#8220;1\/1&#8243; el_position=&#8220;first last&#8220;]\n<p><img loading=\"lazy\" decoding=\"async\" class=\"alignnone size-full wp-image-408\" src=\"https:\/\/kozmus.group\/wp-content\/uploads\/2019\/04\/kozmus-cnz-strojna-obdelava.jpg\" alt=\"\" width=\"1920\" height=\"1280\" srcset=\"https:\/\/kozmus.group\/wp-content\/uploads\/2019\/04\/kozmus-cnz-strojna-obdelava.jpg 1920w, https:\/\/kozmus.group\/wp-content\/uploads\/2019\/04\/kozmus-cnz-strojna-obdelava-300x200.jpg 300w, https:\/\/kozmus.group\/wp-content\/uploads\/2019\/04\/kozmus-cnz-strojna-obdelava-768x512.jpg 768w, https:\/\/kozmus.group\/wp-content\/uploads\/2019\/04\/kozmus-cnz-strojna-obdelava-1024x683.jpg 1024w, https:\/\/kozmus.group\/wp-content\/uploads\/2019\/04\/kozmus-cnz-strojna-obdelava-1800x1200.jpg 1800w\" sizes=\"auto, (max-width: 1920px) 100vw, 1920px\" \/><\/p>\n[\/spb_text_block] [\/spb_column] [spb_column col_sm=&#8220;12&#8243; padding_horizontal=&#8220;0&#8243; width=&#8220;1\/1&#8243; el_position=&#8220;first last&#8220;] [spb_divider type=&#8220;thin&#8220; text=&#8220;Go to top&#8220; top_margin=&#8220;2rem&#8220; bottom_margin=&#8220;3rem&#8220; fullwidth=&#8220;no&#8220; width=&#8220;1\/1&#8243; el_position=&#8220;first last&#8220;] [\/spb_column] [\/spb_row] [spb_row element_name=&#8220;Row&#8220; wrap_type=&#8220;content-width&#8220; parallax_image_height=&#8220;content-height&#8220; parallax_image_movement=&#8220;fixed&#8220; parallax_image_speed=&#8220;0.5&#8243; bg_video_loop=&#8220;yes&#8220; parallax_video_height=&#8220;window-height&#8220; parallax_video_overlay=&#8220;none&#8220; row_overlay_opacity=&#8220;0&#8243; row_col_pos=&#8220;default&#8220; minimize_row=&#8220;no&#8220; width=&#8220;1\/1&#8243; el_position=&#8220;first last&#8220;] [spb_column col_sm=&#8220;12&#8243; padding_horizontal=&#8220;0&#8243; width=&#8220;1\/1&#8243; el_position=&#8220;first last&#8220;] [spb_blank_spacer height=&#8220;30px&#8220; width=&#8220;1\/1&#8243; el_position=&#8220;first last&#8220;] [\/spb_column] [spb_column col_sm=&#8220;4&#8243; padding_horizontal=&#8220;0&#8243; width=&#8220;1\/3&#8243; el_position=&#8220;first&#8220;] [spb_text_block animation=&#8220;none&#8220; animation_delay=&#8220;0&#8243; simplified_controls=&#8220;yes&#8220; custom_css_percentage=&#8220;no&#8220; padding_vertical=&#8220;0&#8243; padding_horizontal=&#8220;0&#8243; margin_vertical=&#8220;0&#8243; custom_css=&#8220;margin-top: 0px;margin-bottom: 0px;&#8220; border_size=&#8220;0&#8243; border_styling_global=&#8220;default&#8220; width=&#8220;1\/1&#8243; el_position=&#8220;first last&#8220;]\n<h6>DIENSTLEISTUNGEN<\/h6>\n<h2>CNC Fr\u00e4sen<\/h2>\n[\/spb_text_block] [spb_text_block animation=&#8220;none&#8220; animation_delay=&#8220;0&#8243; simplified_controls=&#8220;yes&#8220; custom_css_percentage=&#8220;no&#8220; padding_vertical=&#8220;0&#8243; padding_horizontal=&#8220;0&#8243; margin_vertical=&#8220;0&#8243; custom_css=&#8220;margin-top: 0px;margin-bottom: 0px;&#8220; border_size=&#8220;0&#8243; border_styling_global=&#8220;default&#8220; width=&#8220;1\/1&#8243; el_position=&#8220;first last&#8220;]\n<p>Fr\u00e4sen ist ein Schneidvorgang, bei dem das Werkzeug &#8211; Fr\u00e4ser &#8211; die Hauptdrehbewegung ausf\u00fchrt, w\u00e4hrend die Vorschubbewegungen linear oder rotatorisch sein k\u00f6nnen. Mit unserem High-Tech-Fr\u00e4sprozess k\u00f6nnen wir ein Produkt liefern, das Ihren Spezifikationen entspricht.<\/p>\n[\/spb_text_block] [spb_blank_spacer height=&#8220;1rem&#8220; width=&#8220;1\/1&#8243; el_position=&#8220;first last&#8220;] [spb_button button_text=&#8220;Mehr Informationen&#8220; button_size=&#8220;standard&#8220; button_colour=&#8220;accent&#8220; button_type=&#8220;standard&#8220; rounded=&#8220;no&#8220; button_dropshadow=&#8220;no&#8220; button_link=&#8220;\/de\/dienstleistungen\/cnc-fraesen\/&#8220; button_target=&#8220;_self&#8220; align=&#8220;left&#8220; animation=&#8220;none&#8220; animation_delay=&#8220;0&#8243; width=&#8220;1\/1&#8243; el_position=&#8220;first last&#8220;] [\/spb_column] [spb_column col_sm=&#8220;8&#8243; padding_horizontal=&#8220;0&#8243; width=&#8220;2\/3&#8243; el_position=&#8220;last&#8220;] [spb_text_block animation=&#8220;none&#8220; animation_delay=&#8220;0&#8243; simplified_controls=&#8220;yes&#8220; custom_css_percentage=&#8220;no&#8220; padding_vertical=&#8220;0&#8243; padding_horizontal=&#8220;0&#8243; margin_vertical=&#8220;0&#8243; custom_css=&#8220;margin-top: 0px;margin-bottom: 0px;&#8220; border_size=&#8220;0&#8243; border_styling_global=&#8220;default&#8220; width=&#8220;1\/1&#8243; el_position=&#8220;first last&#8220;]\n<p><img loading=\"lazy\" decoding=\"async\" class=\"alignnone size-full wp-image-402\" src=\"https:\/\/kozmus.group\/wp-content\/uploads\/2019\/04\/kozmus-cnz-rezkanje.jpg\" alt=\"\" width=\"1920\" height=\"1280\" srcset=\"https:\/\/kozmus.group\/wp-content\/uploads\/2019\/04\/kozmus-cnz-rezkanje.jpg 1920w, https:\/\/kozmus.group\/wp-content\/uploads\/2019\/04\/kozmus-cnz-rezkanje-300x200.jpg 300w, https:\/\/kozmus.group\/wp-content\/uploads\/2019\/04\/kozmus-cnz-rezkanje-768x512.jpg 768w, https:\/\/kozmus.group\/wp-content\/uploads\/2019\/04\/kozmus-cnz-rezkanje-1024x683.jpg 1024w, https:\/\/kozmus.group\/wp-content\/uploads\/2019\/04\/kozmus-cnz-rezkanje-1800x1200.jpg 1800w\" sizes=\"auto, (max-width: 1920px) 100vw, 1920px\" \/><\/p>\n[\/spb_text_block] [\/spb_column] [spb_column col_sm=&#8220;12&#8243; padding_horizontal=&#8220;0&#8243; width=&#8220;1\/1&#8243; el_position=&#8220;first last&#8220;] [spb_divider type=&#8220;thin&#8220; text=&#8220;Go to top&#8220; top_margin=&#8220;2rem&#8220; bottom_margin=&#8220;3rem&#8220; fullwidth=&#8220;no&#8220; width=&#8220;1\/1&#8243; el_position=&#8220;first last&#8220;] [\/spb_column] [\/spb_row] [spb_row element_name=&#8220;Row&#8220; wrap_type=&#8220;content-width&#8220; parallax_image_height=&#8220;content-height&#8220; parallax_image_movement=&#8220;fixed&#8220; parallax_image_speed=&#8220;0.5&#8243; bg_video_loop=&#8220;yes&#8220; parallax_video_height=&#8220;window-height&#8220; parallax_video_overlay=&#8220;none&#8220; row_overlay_opacity=&#8220;0&#8243; row_col_pos=&#8220;default&#8220; minimize_row=&#8220;no&#8220; width=&#8220;1\/1&#8243; el_position=&#8220;first last&#8220;] [spb_column col_sm=&#8220;12&#8243; padding_horizontal=&#8220;0&#8243; width=&#8220;1\/1&#8243; el_position=&#8220;first last&#8220;] [spb_blank_spacer height=&#8220;30px&#8220; width=&#8220;1\/1&#8243; el_position=&#8220;first last&#8220;] [\/spb_column] [spb_column col_sm=&#8220;4&#8243; padding_horizontal=&#8220;0&#8243; width=&#8220;1\/3&#8243; el_position=&#8220;first&#8220;] [spb_text_block animation=&#8220;none&#8220; animation_delay=&#8220;0&#8243; simplified_controls=&#8220;yes&#8220; custom_css_percentage=&#8220;no&#8220; padding_vertical=&#8220;0&#8243; padding_horizontal=&#8220;0&#8243; margin_vertical=&#8220;0&#8243; custom_css=&#8220;margin-top: 0px;margin-bottom: 0px;&#8220; border_size=&#8220;0&#8243; border_styling_global=&#8220;default&#8220; width=&#8220;1\/1&#8243; el_position=&#8220;first last&#8220;]\n<h6>DIENSTLEISTUNGEN<\/h6>\n<h2>CNC Drehen<\/h2>\n[\/spb_text_block] [spb_text_block animation=&#8220;none&#8220; animation_delay=&#8220;0&#8243; simplified_controls=&#8220;yes&#8220; custom_css_percentage=&#8220;no&#8220; padding_vertical=&#8220;0&#8243; padding_horizontal=&#8220;0&#8243; margin_vertical=&#8220;0&#8243; custom_css=&#8220;margin-top: 0px;margin-bottom: 0px;&#8220; border_size=&#8220;0&#8243; border_styling_global=&#8220;default&#8220; width=&#8220;1\/1&#8243; el_position=&#8220;first last&#8220;]\n<p>Drehen ist ein Bearbeitungsprozess, bei dem rotierende\/zylindrische Formen durch Entfernen unerw\u00fcnschten Materials erzeugt werden. Mit unseren hochmodernen Drehmaschinen bieten wir Ihnen eine schnelle und hochwertige Bearbeitung von Werkst\u00fccken.<\/p>\n[\/spb_text_block] [spb_blank_spacer height=&#8220;1rem&#8220; width=&#8220;1\/1&#8243; el_position=&#8220;first last&#8220;] [spb_button button_text=&#8220;Mehr Informationen&#8220; button_size=&#8220;standard&#8220; button_colour=&#8220;accent&#8220; button_type=&#8220;standard&#8220; rounded=&#8220;no&#8220; button_dropshadow=&#8220;no&#8220; button_link=&#8220;\/de\/storitve\/cnc-drehen\/&#8220; button_target=&#8220;_self&#8220; align=&#8220;left&#8220; animation=&#8220;none&#8220; animation_delay=&#8220;0&#8243; width=&#8220;1\/1&#8243; el_position=&#8220;first last&#8220;] [\/spb_column] [spb_column col_sm=&#8220;8&#8243; padding_horizontal=&#8220;0&#8243; width=&#8220;2\/3&#8243; el_position=&#8220;last&#8220;] [spb_text_block animation=&#8220;none&#8220; animation_delay=&#8220;0&#8243; simplified_controls=&#8220;yes&#8220; custom_css_percentage=&#8220;no&#8220; padding_vertical=&#8220;0&#8243; padding_horizontal=&#8220;0&#8243; margin_vertical=&#8220;0&#8243; custom_css=&#8220;margin-top: 0px;margin-bottom: 0px;&#8220; border_size=&#8220;0&#8243; border_styling_global=&#8220;default&#8220; width=&#8220;1\/1&#8243; el_position=&#8220;first last&#8220;]\n<p><img loading=\"lazy\" decoding=\"async\" width=\"1920\" height=\"1080\" class=\"alignnone size-full wp-image-405\" src=\"https:\/\/kozmus.group\/wp-content\/uploads\/2019\/04\/kozmus-cnz-struzenje.jpg\" alt=\"\" srcset=\"https:\/\/kozmus.group\/wp-content\/uploads\/2019\/04\/kozmus-cnz-struzenje.jpg 1920w, https:\/\/kozmus.group\/wp-content\/uploads\/2019\/04\/kozmus-cnz-struzenje-300x169.jpg 300w, https:\/\/kozmus.group\/wp-content\/uploads\/2019\/04\/kozmus-cnz-struzenje-768x432.jpg 768w, https:\/\/kozmus.group\/wp-content\/uploads\/2019\/04\/kozmus-cnz-struzenje-1024x576.jpg 1024w\" sizes=\"auto, (max-width: 1920px) 100vw, 1920px\" \/><\/p>\n[\/spb_text_block] [\/spb_column] [spb_column col_sm=&#8220;12&#8243; padding_horizontal=&#8220;0&#8243; width=&#8220;1\/1&#8243; el_position=&#8220;first last&#8220;] [spb_divider type=&#8220;thin&#8220; text=&#8220;Go to top&#8220; top_margin=&#8220;2rem&#8220; bottom_margin=&#8220;3rem&#8220; fullwidth=&#8220;no&#8220; width=&#8220;1\/1&#8243; el_position=&#8220;first last&#8220;] [\/spb_column] [\/spb_row] [spb_row element_name=&#8220;Row&#8220; wrap_type=&#8220;content-width&#8220; parallax_image_height=&#8220;content-height&#8220; parallax_image_movement=&#8220;fixed&#8220; parallax_image_speed=&#8220;0.5&#8243; bg_video_loop=&#8220;yes&#8220; parallax_video_height=&#8220;window-height&#8220; parallax_video_overlay=&#8220;none&#8220; row_overlay_opacity=&#8220;0&#8243; row_col_pos=&#8220;default&#8220; minimize_row=&#8220;no&#8220; width=&#8220;1\/1&#8243; el_position=&#8220;first last&#8220;] [spb_column col_sm=&#8220;12&#8243; padding_horizontal=&#8220;0&#8243; width=&#8220;1\/1&#8243; el_position=&#8220;first last&#8220;] [spb_blank_spacer height=&#8220;30px&#8220; width=&#8220;1\/1&#8243; el_position=&#8220;first last&#8220;] [\/spb_column] [spb_column col_sm=&#8220;4&#8243; padding_horizontal=&#8220;0&#8243; width=&#8220;1\/3&#8243; el_position=&#8220;first&#8220;] [spb_text_block animation=&#8220;none&#8220; animation_delay=&#8220;0&#8243; simplified_controls=&#8220;yes&#8220; custom_css_percentage=&#8220;no&#8220; padding_vertical=&#8220;0&#8243; padding_horizontal=&#8220;0&#8243; margin_vertical=&#8220;0&#8243; custom_css=&#8220;margin-top: 0px;margin-bottom: 0px;&#8220; border_size=&#8220;0&#8243; border_styling_global=&#8220;default&#8220; width=&#8220;1\/1&#8243; el_position=&#8220;first last&#8220;]\n<h6>DIENSTLEISTUNGEN<\/h6>\n<h2>Handschwei\u00dfen<\/h2>\n[\/spb_text_block] [spb_text_block animation=&#8220;none&#8220; animation_delay=&#8220;0&#8243; simplified_controls=&#8220;yes&#8220; custom_css_percentage=&#8220;no&#8220; padding_vertical=&#8220;0&#8243; padding_horizontal=&#8220;0&#8243; margin_vertical=&#8220;0&#8243; custom_css=&#8220;margin-top: 0px;margin-bottom: 0px;&#8220; border_size=&#8220;0&#8243; border_styling_global=&#8220;default&#8220; width=&#8220;1\/1&#8243; el_position=&#8220;first last&#8220;]\n<p>Das Handschwei\u00dfen ist das vielseitigste und einfachste Verfahren zum Schwei\u00dfen fast aller Materialien (Inox, Alu, Fe) und Herstellung von den einfachsten bis zu den anspruchsvollsten Schwei\u00dfn\u00e4hten. Die h\u00e4ufigsten Schwei\u00dfmethoden sind MAG-, MIG-, WIG- und Punktschwei\u00dfen.<\/p>\n[\/spb_text_block] [spb_blank_spacer height=&#8220;1rem&#8220; width=&#8220;1\/1&#8243; el_position=&#8220;first last&#8220;] [spb_button button_text=&#8220;Mehr Informationen&#8220; button_size=&#8220;standard&#8220; button_colour=&#8220;accent&#8220; button_type=&#8220;standard&#8220; rounded=&#8220;no&#8220; button_dropshadow=&#8220;no&#8220; button_link=&#8220;\/de\/dienstleistungen\/maschinelle-bearbeitung\/&#8220; button_target=&#8220;_self&#8220; align=&#8220;left&#8220; animation=&#8220;none&#8220; animation_delay=&#8220;0&#8243; width=&#8220;1\/1&#8243; el_position=&#8220;first last&#8220;] [\/spb_column] [spb_column col_sm=&#8220;8&#8243; padding_horizontal=&#8220;0&#8243; width=&#8220;2\/3&#8243; el_position=&#8220;last&#8220;] [spb_text_block animation=&#8220;none&#8220; animation_delay=&#8220;0&#8243; simplified_controls=&#8220;yes&#8220; custom_css_percentage=&#8220;no&#8220; padding_vertical=&#8220;0&#8243; padding_horizontal=&#8220;0&#8243; margin_vertical=&#8220;0&#8243; custom_css=&#8220;margin-top: 0px;margin-bottom: 0px;&#8220; border_size=&#8220;0&#8243; border_styling_global=&#8220;default&#8220; width=&#8220;1\/1&#8243; el_position=&#8220;first last&#8220;]\n<p><img loading=\"lazy\" decoding=\"async\" class=\"alignnone size-full wp-image-570\" src=\"https:\/\/kozmus.group\/wp-content\/uploads\/2019\/04\/kozmus-varjenje.jpg\" alt=\"\" width=\"1920\" height=\"1280\" srcset=\"https:\/\/kozmus.group\/wp-content\/uploads\/2019\/04\/kozmus-varjenje.jpg 1920w, https:\/\/kozmus.group\/wp-content\/uploads\/2019\/04\/kozmus-varjenje-300x200.jpg 300w, https:\/\/kozmus.group\/wp-content\/uploads\/2019\/04\/kozmus-varjenje-768x512.jpg 768w, https:\/\/kozmus.group\/wp-content\/uploads\/2019\/04\/kozmus-varjenje-1024x683.jpg 1024w, https:\/\/kozmus.group\/wp-content\/uploads\/2019\/04\/kozmus-varjenje-1800x1200.jpg 1800w\" sizes=\"auto, (max-width: 1920px) 100vw, 1920px\" \/><\/p>\n[\/spb_text_block] [\/spb_column] [\/spb_row] [spb_section spb_section_id=&#8220;805&#8243; width=&#8220;1\/1&#8243; el_position=&#8220;first last&#8220;] [spb_section spb_section_id=&#8220;810&#8243; width=&#8220;1\/1&#8243; el_position=&#8220;first last&#8220;] [spb_section spb_section_id=&#8220;816&#8243; width=&#8220;1\/1&#8243; el_position=&#8220;first last&#8220;]\n","protected":false},"excerpt":{"rendered":"<p>[spb_row element_name=&#8220;Row&#8220; wrap_type=&#8220;standard-width&#8220; row_bg_type=&#8220;color&#8220; color_row_height=&#8220;content-height&#8220; bg_type=&#8220;cover&#8220; parallax_image_height=&#8220;content-height&#8220; parallax_image_movement=&#8220;fixed&#8220; parallax_image_speed=&#8220;standard&#8220; bg_video_loop=&#8220;yes&#8220; parallax_video_height=&#8220;window-height&#8220; row_id=&#8220;storitve&#8220; row_name=&#8220;Dienstleistungen&#8220; row_top_style=&#8220;none&#8220; row_bottom_style=&#8220;none&#8220; parallax_video_overlay=&#8220;none&#8220; row_overlay_opacity=&#8220;0&#8243; remove_element_spacing=&#8220;no&#8220; row_col_spacing=&#8220;0&#8243; row_col_pos=&#8220;default&#8220; row_col_equal_heights=&#8220;no&#8220; row_expanding=&#8220;no&#8220; row_animation=&#8220;none&#8220; row_animation_delay=&#8220;0&#8243; minimize_row=&#8220;no&#8220; simplified_controls=&#8220;yes&#8220; custom_css_percentage=&#8220;no&#8220; padding_vertical=&#8220;0&#8243; padding_horizontal=&#8220;0&#8243; margin_vertical=&#8220;0&#8243; custom_css=&#8220;margin-top: 0px;margin-bottom: 0px;&#8220; border_size=&#8220;0&#8243; border_styling_global=&#8220;default&#8220; width=&#8220;1\/1&#8243; el_position=&#8220;first last&#8220;] [spb_column col_sm=&#8220;12&#8243; padding_horizontal=&#8220;0&#8243; width=&#8220;1\/1&#8243; el_position=&#8220;first last&#8220;] [spb_blank_spacer height=&#8220;4rem&#8220; width=&#8220;1\/1&#8243; el_position=&#8220;first last&#8220;] [spb_text_block animation=&#8220;none&#8220; animation_delay=&#8220;0&#8243; simplified_controls=&#8220;yes&#8220; custom_css_percentage=&#8220;no&#8220; padding_vertical=&#8220;0&#8243; padding_horizontal=&#8220;0&#8243; margin_vertical=&#8220;0&#8243; custom_css=&#8220;margin-top: 0px;margin-bottom: 0px;&#8220; [&hellip;]<\/p>\n","protected":false},"author":1,"featured_media":0,"parent":0,"menu_order":0,"comment_status":"closed","ping_status":"closed","template":"","meta":{"footnotes":"","_links_to":"","_links_to_target":""},"class_list":["post-800","page","type-page","status-publish","hentry"],"_links":{"self":[{"href":"https:\/\/kozmus.group\/de\/wp-json\/wp\/v2\/pages\/800","targetHints":{"allow":["GET"]}}],"collection":[{"href":"https:\/\/kozmus.group\/de\/wp-json\/wp\/v2\/pages"}],"about":[{"href":"https:\/\/kozmus.group\/de\/wp-json\/wp\/v2\/types\/page"}],"author":[{"embeddable":true,"href":"https:\/\/kozmus.group\/de\/wp-json\/wp\/v2\/users\/1"}],"replies":[{"embeddable":true,"href":"https:\/\/kozmus.group\/de\/wp-json\/wp\/v2\/comments?post=800"}],"version-history":[{"count":9,"href":"https:\/\/kozmus.group\/de\/wp-json\/wp\/v2\/pages\/800\/revisions"}],"predecessor-version":[{"id":905,"href":"https:\/\/kozmus.group\/de\/wp-json\/wp\/v2\/pages\/800\/revisions\/905"}],"wp:attachment":[{"href":"https:\/\/kozmus.group\/de\/wp-json\/wp\/v2\/media?parent=800"}],"curies":[{"name":"wp","href":"https:\/\/api.w.org\/{rel}","templated":true}]}}