{"id":828,"date":"2019-02-21T14:16:51","date_gmt":"2019-02-21T14:16:51","guid":{"rendered":"https:\/\/kozmus.group\/o-podjetju\/"},"modified":"2019-05-02T10:03:48","modified_gmt":"2019-05-02T10:03:48","slug":"ueber-uns","status":"publish","type":"page","link":"https:\/\/kozmus.group\/de\/ueber-uns\/","title":{"rendered":"\u00dcber Uns"},"content":{"rendered":"[spb_row element_name=&#8220;Row&#8220; wrap_type=&#8220;content-width&#8220; parallax_image_height=&#8220;content-height&#8220; parallax_image_movement=&#8220;fixed&#8220; parallax_image_speed=&#8220;0.5&#8243; bg_video_loop=&#8220;yes&#8220; parallax_video_height=&#8220;window-height&#8220; parallax_video_overlay=&#8220;none&#8220; row_overlay_opacity=&#8220;0&#8243; row_col_pos=&#8220;default&#8220; minimize_row=&#8220;no&#8220; width=&#8220;1\/1&#8243; el_position=&#8220;first last&#8220;] [spb_column col_sm=&#8220;12&#8243; padding_horizontal=&#8220;0&#8243; width=&#8220;1\/1&#8243; el_position=&#8220;first last&#8220;] [spb_blank_spacer height=&#8220;4rem&#8220; width=&#8220;1\/1&#8243; el_position=&#8220;first last&#8220;] [\/spb_column] [spb_column col_sm=&#8220;6&#8243; padding_horizontal=&#8220;0&#8243; width=&#8220;1\/2&#8243; el_position=&#8220;first&#8220;] [spb_text_block animation=&#8220;none&#8220; animation_delay=&#8220;0&#8243; simplified_controls=&#8220;yes&#8220; custom_css_percentage=&#8220;no&#8220; padding_vertical=&#8220;0&#8243; padding_horizontal=&#8220;0&#8243; margin_vertical=&#8220;0&#8243; custom_css=&#8220;margin-top: 0px;margin-bottom: 0px;&#8220; border_size=&#8220;0&#8243; border_styling_global=&#8220;default&#8220; width=&#8220;3\/4&#8243; el_position=&#8220;first&#8220;]\n<h6>\u00dcBER UNS<\/h6>\n<h2>Unser Unternehmen<\/h2>\n<p>Kozmus ist ein modernes und innovatives Unternehmen in der CNC-Bearbeitung mit 30-j\u00e4hriger Familientradition. Bei unserer Arbeit kombinieren wir unsere Erfahrung in der Produktionsflexibilit\u00e4t mit der CNC-Technologie, wodurch wir \u00fcber eine breite Palette an Fertigungsm\u00f6glichkeiten verf\u00fcgen. Die Orientierung an unseren Kunden ist der Fokus unseres Unternehmens und spiegelt sich sowohl in den zwischenmenschlichen Beziehungen als auch in den Produkten wider.<\/p>\n[\/spb_text_block] [spb_blank_spacer height=&#8220;1px&#8220; width=&#8220;1\/4&#8243; el_position=&#8220;last&#8220;] [\/spb_column] [spb_column col_animation=&#8220;none&#8220; col_animation_delay=&#8220;0&#8243; col_bg_type=&#8220;cover&#8220; col_parallax_image_movement=&#8220;fixed&#8220; col_parallax_image_speed=&#8220;0.5&#8243; col_padding=&#8220;0&#8243; col_vertical_offset=&#8220;0&#8243; col_horizontal_offset=&#8220;0&#8243; col_custom_zindex=&#8220;0&#8243; col_sm=&#8220;6&#8243; simplified_controls=&#8220;no&#8220; custom_css_percentage=&#8220;no&#8220; padding_vertical=&#8220;400&#8243; padding_horizontal=&#8220;0&#8243; margin_vertical=&#8220;0&#8243; custom_css=&#8220;margin-top: 0px;margin-bottom: 0px;&#8220; border_styling_global=&#8220;default&#8220; width=&#8220;1\/2&#8243; el_position=&#8220;last&#8220;] [spb_text_block animation=&#8220;none&#8220; animation_delay=&#8220;0&#8243; simplified_controls=&#8220;no&#8220; custom_css_percentage=&#8220;no&#8220; padding_vertical=&#8220;0&#8243; padding_horizontal=&#8220;0&#8243; margin_vertical=&#8220;0&#8243; custom_css=&#8220;margin-top: 0px;margin-bottom: 0px;&#8220; border_size=&#8220;0&#8243; border_styling_global=&#8220;default&#8220; width=&#8220;1\/1&#8243; el_position=&#8220;first last&#8220;]\n<p><img decoding=\"async\" class=\"alignnone size-full wp-image-669\" src=\"\/wp-content\/assets\/images\/layout\/kozmus-nase-podjetje-0.jpg\" alt=\"Kozmus Gruop\" \/><\/p>\n[\/spb_text_block] [\/spb_column] [spb_column col_sm=&#8220;12&#8243; padding_horizontal=&#8220;0&#8243; width=&#8220;1\/1&#8243; el_position=&#8220;first last&#8220;] [spb_divider type=&#8220;thin&#8220; text=&#8220;Go to top&#8220; top_margin=&#8220;1rem&#8220; bottom_margin=&#8220;2rem&#8220; fullwidth=&#8220;no&#8220; width=&#8220;1\/1&#8243; el_position=&#8220;first last&#8220;] [\/spb_column] [\/spb_row] [spb_row element_name=&#8220;Row&#8220; wrap_type=&#8220;content-width&#8220; parallax_image_height=&#8220;content-height&#8220; parallax_image_movement=&#8220;fixed&#8220; parallax_image_speed=&#8220;0.5&#8243; bg_video_loop=&#8220;yes&#8220; parallax_video_height=&#8220;window-height&#8220; parallax_video_overlay=&#8220;none&#8220; row_overlay_opacity=&#8220;0&#8243; row_col_pos=&#8220;default&#8220; width=&#8220;1\/1&#8243; el_position=&#8220;first last&#8220;] [spb_column col_sm=&#8220;4&#8243; padding_horizontal=&#8220;0&#8243; width=&#8220;1\/3&#8243; el_position=&#8220;first&#8220;] [spb_text_block animation=&#8220;none&#8220; animation_delay=&#8220;0&#8243; simplified_controls=&#8220;yes&#8220; custom_css_percentage=&#8220;no&#8220; padding_vertical=&#8220;0&#8243; padding_horizontal=&#8220;0&#8243; margin_vertical=&#8220;0&#8243; custom_css=&#8220;margin-top: 0px;margin-bottom: 0px;&#8220; border_size=&#8220;0&#8243; border_styling_global=&#8220;default&#8220; width=&#8220;1\/1&#8243; el_position=&#8220;first last&#8220;]\n<p><img decoding=\"async\" class=\"alignnone size-full wp-image-669\" src=\"\/wp-content\/assets\/images\/layout\/kozmus-nase-podjetje-1-1.jpg\" alt=\"Kozmus Gruop\" \/><\/p>\n[\/spb_text_block] [spb_text_block animation=&#8220;none&#8220; animation_delay=&#8220;0&#8243; simplified_controls=&#8220;yes&#8220; custom_css_percentage=&#8220;no&#8220; padding_vertical=&#8220;0&#8243; padding_horizontal=&#8220;0&#8243; margin_vertical=&#8220;0&#8243; custom_css=&#8220;margin-top: 0px;margin-bottom: 0px;&#8220; border_size=&#8220;0&#8243; border_styling_global=&#8220;default&#8220; width=&#8220;1\/1&#8243; el_position=&#8220;first last&#8220;]\n<p><img decoding=\"async\" class=\"alignnone size-full wp-image-669\" src=\"\/wp-content\/assets\/images\/layout\/kozmus-nase-podjetje-1-2.jpg\" alt=\"Kozmus Gruop\" \/><\/p>\n[\/spb_text_block] [\/spb_column] [spb_column col_sm=&#8220;4&#8243; padding_horizontal=&#8220;0&#8243; width=&#8220;1\/3&#8243;] [spb_text_block animation=&#8220;none&#8220; animation_delay=&#8220;0&#8243; simplified_controls=&#8220;yes&#8220; custom_css_percentage=&#8220;no&#8220; padding_vertical=&#8220;0&#8243; padding_horizontal=&#8220;0&#8243; margin_vertical=&#8220;0&#8243; custom_css=&#8220;margin-top: 0px;margin-bottom: 0px;&#8220; border_size=&#8220;0&#8243; border_styling_global=&#8220;default&#8220; width=&#8220;1\/1&#8243; el_position=&#8220;first last&#8220;]\n<p><img decoding=\"async\" class=\"alignnone size-full wp-image-669\" src=\"\/wp-content\/assets\/images\/layout\/kozmus-nase-podjetje-2-1.jpg\" alt=\"Kozmus Gruop\" \/><\/p>\n[\/spb_text_block] [\/spb_column] [spb_column col_sm=&#8220;4&#8243; padding_horizontal=&#8220;0&#8243; width=&#8220;1\/3&#8243; el_position=&#8220;last&#8220;] [spb_text_block animation=&#8220;none&#8220; animation_delay=&#8220;0&#8243; simplified_controls=&#8220;yes&#8220; custom_css_percentage=&#8220;no&#8220; padding_vertical=&#8220;0&#8243; padding_horizontal=&#8220;0&#8243; margin_vertical=&#8220;0&#8243; custom_css=&#8220;margin-top: 0px;margin-bottom: 0px;&#8220; border_size=&#8220;0&#8243; border_styling_global=&#8220;default&#8220; width=&#8220;1\/1&#8243; el_position=&#8220;first last&#8220;]\n<p><img decoding=\"async\" class=\"alignnone size-full wp-image-669\" src=\"\/wp-content\/assets\/images\/layout\/kozmus-nase-podjetje-3-1.jpg\" alt=\"Kozmus Gruop\" \/><\/p>\n[\/spb_text_block] [\/spb_column] [spb_column col_sm=&#8220;12&#8243; padding_horizontal=&#8220;0&#8243; width=&#8220;1\/1&#8243; el_position=&#8220;first last&#8220;] [spb_divider type=&#8220;thin&#8220; text=&#8220;Go to top&#8220; top_margin=&#8220;2rem&#8220; bottom_margin=&#8220;3rem&#8220; fullwidth=&#8220;no&#8220; width=&#8220;1\/1&#8243; el_position=&#8220;first last&#8220;] [\/spb_column] [\/spb_row] [spb_row element_name=&#8220;Row&#8220; wrap_type=&#8220;content-width&#8220; parallax_image_height=&#8220;content-height&#8220; parallax_image_movement=&#8220;fixed&#8220; parallax_image_speed=&#8220;0.5&#8243; bg_video_loop=&#8220;yes&#8220; parallax_video_height=&#8220;window-height&#8220; parallax_video_overlay=&#8220;none&#8220; row_overlay_opacity=&#8220;0&#8243; row_col_pos=&#8220;default&#8220; minimize_row=&#8220;no&#8220; width=&#8220;1\/1&#8243; el_position=&#8220;first last&#8220;] [spb_column col_sm=&#8220;6&#8243; padding_horizontal=&#8220;0&#8243; width=&#8220;1\/2&#8243; el_position=&#8220;first&#8220;] [spb_text_block animation=&#8220;none&#8220; animation_delay=&#8220;0&#8243; simplified_controls=&#8220;yes&#8220; custom_css_percentage=&#8220;no&#8220; padding_vertical=&#8220;0&#8243; padding_horizontal=&#8220;0&#8243; margin_vertical=&#8220;0&#8243; custom_css=&#8220;margin-top: 0px;margin-bottom: 0px;&#8220; border_size=&#8220;0&#8243; border_styling_global=&#8220;default&#8220; width=&#8220;3\/4&#8243; el_position=&#8220;first&#8220;]\n<h6>OUR UNSERE<\/h6>\n<h2>Mitarbeiter<\/h2>\n<p>Unser F\u00fchrungsstil ist gepr\u00e4gt von Offenheit, Respekt und Verl\u00e4sslichkeit gegen\u00fcber unseren Mitarbeitern und Gesch\u00e4ftspartnern. Bei unseren Entscheidungen sind wir uns der Verantwortung gegen\u00fcber den Mitmenschen bewusst. Unsere Mitarbeiter sind sich ihrer Vorz\u00fcge bewusst. Wir unterst\u00fctzen unternehmerisches Denken und Zusammenarbeit und sch\u00e4tzen gute Arbeit.<\/p>\n[\/spb_text_block] [spb_blank_spacer height=&#8220;1px&#8220; width=&#8220;1\/4&#8243; el_position=&#8220;last&#8220;] [\/spb_column] [spb_column col_animation=&#8220;none&#8220; col_animation_delay=&#8220;0&#8243; col_bg_type=&#8220;cover&#8220; col_parallax_image_movement=&#8220;fixed&#8220; col_parallax_image_speed=&#8220;0.5&#8243; col_padding=&#8220;0&#8243; col_vertical_offset=&#8220;0&#8243; col_horizontal_offset=&#8220;0&#8243; col_custom_zindex=&#8220;0&#8243; col_sm=&#8220;6&#8243; simplified_controls=&#8220;no&#8220; custom_css_percentage=&#8220;no&#8220; padding_vertical=&#8220;400&#8243; padding_horizontal=&#8220;0&#8243; margin_vertical=&#8220;0&#8243; custom_css=&#8220;margin-top: 0px;margin-bottom: 0px;padding-left: 15px;padding-right: 15px;&#8220; border_styling_global=&#8220;default&#8220; width=&#8220;1\/2&#8243; el_position=&#8220;last&#8220;] [spb_team display_type=&#8220;standard&#8220; carousel=&#8220;yes&#8220; item_columns=&#8220;3&#8243; item_count=&#8220;12&#8243; category=&#8220;All&#8220; profile_link=&#8220;no&#8220; ajax_overlay=&#8220;yes&#8220; pagination=&#8220;no&#8220; fullwidth=&#8220;no&#8220; gutters=&#8220;yes&#8220; order_by=&#8220;none&#8220; order=&#8220;DESC&#8220; width=&#8220;undefined&#8220; el_position=&#8220;first last&#8220;] [\/spb_column] [spb_column col_sm=&#8220;12&#8243; padding_horizontal=&#8220;0&#8243; width=&#8220;1\/1&#8243; el_position=&#8220;first last&#8220;] [spb_divider type=&#8220;thin&#8220; text=&#8220;Go to top&#8220; top_margin=&#8220;2rem&#8220; bottom_margin=&#8220;3rem&#8220; fullwidth=&#8220;no&#8220; width=&#8220;1\/1&#8243; el_position=&#8220;first last&#8220;] [\/spb_column] [\/spb_row] [spb_row element_name=&#8220;Row&#8220; wrap_type=&#8220;content-width&#8220; parallax_image_height=&#8220;content-height&#8220; parallax_image_movement=&#8220;fixed&#8220; parallax_image_speed=&#8220;0.5&#8243; bg_video_loop=&#8220;yes&#8220; parallax_video_height=&#8220;window-height&#8220; parallax_video_overlay=&#8220;none&#8220; row_overlay_opacity=&#8220;0&#8243; row_col_pos=&#8220;default&#8220; width=&#8220;1\/1&#8243; el_position=&#8220;first last&#8220;] [spb_column col_sm=&#8220;12&#8243; padding_horizontal=&#8220;0&#8243; width=&#8220;1\/1&#8243; el_position=&#8220;first last&#8220;] [spb_text_block animation=&#8220;none&#8220; animation_delay=&#8220;0&#8243; simplified_controls=&#8220;yes&#8220; custom_css_percentage=&#8220;no&#8220; padding_vertical=&#8220;0&#8243; padding_horizontal=&#8220;0&#8243; margin_vertical=&#8220;0&#8243; custom_css=&#8220;margin-top: 0px;margin-bottom: 0px;&#8220; border_size=&#8220;0&#8243; border_styling_global=&#8220;default&#8220; width=&#8220;1\/1&#8243; el_position=&#8220;first last&#8220;]\n<h6 class=\"sredina\">UNSERE DENKWEISE<\/h6>\n<h2 class=\"sredina\">Vision und Mission<\/h2>\n[\/spb_text_block] [\/spb_column] [spb_column col_sm=&#8220;3&#8243; padding_horizontal=&#8220;0&#8243; width=&#8220;1\/4&#8243; el_position=&#8220;first&#8220;] [spb_text_block animation=&#8220;none&#8220; animation_delay=&#8220;0&#8243; simplified_controls=&#8220;yes&#8220; custom_css_percentage=&#8220;no&#8220; padding_vertical=&#8220;0&#8243; padding_horizontal=&#8220;0&#8243; margin_vertical=&#8220;0&#8243; custom_css=&#8220;margin-top: 0px;margin-bottom: 0px;&#8220; border_size=&#8220;0&#8243; border_styling_global=&#8220;default&#8220; width=&#8220;1\/1&#8243; el_position=&#8220;first last&#8220;]\n<h3>Wir streben st\u00e4ndig danach, die Qualit\u00e4tsanspr\u00fcche unserer Kunden zu erf\u00fcllen.<\/h3>\n[\/spb_text_block] [\/spb_column] [spb_column col_sm=&#8220;6&#8243; padding_horizontal=&#8220;0&#8243; width=&#8220;1\/2&#8243;] [spb_text_block animation=&#8220;none&#8220; animation_delay=&#8220;0&#8243; simplified_controls=&#8220;yes&#8220; custom_css_percentage=&#8220;no&#8220; padding_vertical=&#8220;0&#8243; padding_horizontal=&#8220;0&#8243; margin_vertical=&#8220;0&#8243; custom_css=&#8220;margin-top: 0px;margin-bottom: 0px;&#8220; border_size=&#8220;0&#8243; border_styling_global=&#8220;default&#8220; width=&#8220;1\/1&#8243; el_position=&#8220;first last&#8220;]\n<p><img decoding=\"async\" class=\"alignnone size-full wp-image-669\" src=\"\/wp-content\/assets\/images\/layout\/kozmus-nase-podjetje-4.jpg\" alt=\"Kozmus Group\" \/><\/p>\n[\/spb_text_block] [spb_text_block animation=&#8220;none&#8220; animation_delay=&#8220;0&#8243; simplified_controls=&#8220;yes&#8220; custom_css_percentage=&#8220;no&#8220; padding_vertical=&#8220;0&#8243; padding_horizontal=&#8220;0&#8243; margin_vertical=&#8220;0&#8243; custom_css=&#8220;margin-top: 0px;margin-bottom: 0px;&#8220; border_size=&#8220;0&#8243; border_styling_global=&#8220;default&#8220; width=&#8220;1\/1&#8243; el_position=&#8220;first last&#8220;]\n<p><strong>Mission: <\/strong> Unsere Mission ist es, CNC-Technologie f\u00fcr anspruchsvolle Bearbeitungsvorg\u00e4nge in mehreren Segmenten zu integrieren.<\/p>\n[\/spb_text_block] [spb_text_block animation=&#8220;none&#8220; animation_delay=&#8220;0&#8243; simplified_controls=&#8220;yes&#8220; custom_css_percentage=&#8220;no&#8220; padding_vertical=&#8220;0&#8243; padding_horizontal=&#8220;0&#8243; margin_vertical=&#8220;0&#8243; custom_css=&#8220;margin-top: 0px;margin-bottom: 0px;&#8220; border_size=&#8220;0&#8243; border_styling_global=&#8220;default&#8220; width=&#8220;1\/1&#8243; el_position=&#8220;first last&#8220;]\n<p><strong>Vision: <\/strong> Wir streben nach der bestm\u00f6glichen Effizienz des Unternehmens gegen\u00fcber unseren Gesch\u00e4ftspartnern durch moderne Produktionstechnologie und eine gr\u00f6\u00dftm\u00f6gliche Entwicklung unserer Dienstleistungen.<\/p>\n[\/spb_text_block] [\/spb_column] [spb_column col_sm=&#8220;3&#8243; padding_horizontal=&#8220;0&#8243; width=&#8220;1\/4&#8243; el_position=&#8220;last&#8220;] [spb_text_block animation=&#8220;none&#8220; animation_delay=&#8220;0&#8243; simplified_controls=&#8220;yes&#8220; custom_css_percentage=&#8220;no&#8220; padding_vertical=&#8220;0&#8243; padding_horizontal=&#8220;0&#8243; margin_vertical=&#8220;0&#8243; custom_css=&#8220;margin-top: 0px;margin-bottom: 0px;&#8220; border_size=&#8220;0&#8243; border_styling_global=&#8220;default&#8220; el_class=&#8220;mission&#8220; width=&#8220;1\/1&#8243; el_position=&#8220;first last&#8220;]\n<ul>\n<li style=\"list-style-type: none;\">\n<ul>\n<li>EIN VERTRAULICHER LANGFRISTIGER PARTNER F\u00dcR JEDEN KUNDEN ZU SEIN<\/li>\n<li>UNS SELBST UND UNSEREN KUNDEN KONTINUIERLICHES WACHSTUM UND ENTWICKLUNG ZU ERM\u00d6GLICHEN<\/li>\n<li>DIE ARBEIT ERST NACH DEM ERREICHEN DER ZUFRIEDENHEIT DES KUNDEN UND DES ENDBENUTZERS ZU BEENDEN<\/li>\n<li>ZUFRIEDENE KUNDEN DURCH ZUFRIEDENE MITARBEITER ZU ERSTELLEN<\/li>\n<\/ul>\n<\/li>\n<\/ul>\n[\/spb_text_block] [\/spb_column] [spb_column col_sm=&#8220;12&#8243; padding_horizontal=&#8220;0&#8243; width=&#8220;1\/1&#8243; el_position=&#8220;first last&#8220;] [spb_divider type=&#8220;thin&#8220; text=&#8220;Go to top&#8220; top_margin=&#8220;2rem&#8220; bottom_margin=&#8220;3rem&#8220; fullwidth=&#8220;no&#8220; width=&#8220;1\/1&#8243; el_position=&#8220;first last&#8220;] [\/spb_column] [\/spb_row] [spb_section spb_section_id=&#8220;832&#8243; width=&#8220;1\/1&#8243; el_position=&#8220;first last&#8220;] [spb_row element_name=&#8220;Row&#8220; wrap_type=&#8220;full-width-contained&#8220; row_bg_type=&#8220;color&#8220; row_bg_color=&#8220;f0f0f0&#8243; color_row_height=&#8220;content-height&#8220; bg_type=&#8220;cover&#8220; parallax_image_height=&#8220;content-height&#8220; parallax_image_movement=&#8220;fixed&#8220; parallax_image_speed=&#8220;standard&#8220; bg_video_loop=&#8220;yes&#8220; parallax_video_height=&#8220;window-height&#8220; row_top_style=&#8220;none&#8220; row_bottom_style=&#8220;none&#8220; parallax_video_overlay=&#8220;none&#8220; row_overlay_opacity=&#8220;0&#8243; remove_element_spacing=&#8220;no&#8220; row_col_spacing=&#8220;0&#8243; row_col_pos=&#8220;default&#8220; row_col_equal_heights=&#8220;no&#8220; row_expanding=&#8220;no&#8220; row_animation=&#8220;none&#8220; row_animation_delay=&#8220;0&#8243; minimize_row=&#8220;no&#8220; simplified_controls=&#8220;yes&#8220; custom_css_percentage=&#8220;no&#8220; custom_css=&#8220;margin-top: 0px;margin-bottom: 0px;&#8220; border_styling_global=&#8220;default&#8220; width=&#8220;1\/1&#8243; el_position=&#8220;first last&#8220;] [spb_column col_sm=&#8220;12&#8243; padding_horizontal=&#8220;0&#8243; width=&#8220;1\/1&#8243; el_position=&#8220;first last&#8220;] [spb_text_block animation=&#8220;none&#8220; animation_delay=&#8220;0&#8243; simplified_controls=&#8220;yes&#8220; custom_css_percentage=&#8220;no&#8220; padding_vertical=&#8220;0&#8243; padding_horizontal=&#8220;0&#8243; margin_vertical=&#8220;0&#8243; custom_css=&#8220;margin-top: 0px;margin-bottom: 0px;&#8220; border_size=&#8220;0&#8243; border_styling_global=&#8220;default&#8220; width=&#8220;1\/1&#8243; el_position=&#8220;first last&#8220;]\n<h6 class=\"sredina\">DAS UNTERNEHMEN<\/h6>\n<h2 class=\"sredina\">Firmeninformationen<\/h2>\n[\/spb_text_block] [spb_text_block animation=&#8220;none&#8220; animation_delay=&#8220;0&#8243; simplified_controls=&#8220;yes&#8220; custom_css_percentage=&#8220;no&#8220; padding_vertical=&#8220;0&#8243; padding_horizontal=&#8220;0&#8243; margin_vertical=&#8220;0&#8243; custom_css=&#8220;margin-top: 0px;margin-bottom: 0px;&#8220; border_size=&#8220;0&#8243; border_styling_global=&#8220;default&#8220; width=&#8220;1\/1&#8243; el_position=&#8220;first last&#8220;]\n<table id=\"companyData\" border=\"0\" width=\"100%\" cellspacing=\"0\" cellpadding=\"0\">\n<tbody>\n<tr>\n<td>Firmenname:<\/td>\n<td>KOZMUS, d.o.o.<\/td>\n<\/tr>\n<tr>\n<td>Vollst\u00e4ndiger Firmenname (slowenisches Unternehmensregister):<\/td>\n<td>KOZMUS, proizvodnja, prevozni\u0161tvo, gradbeni\u0161tvo, posredovanje, trgovina, gostinstvo, turizem, najemi in storitve, d.o.o.<\/td>\n<\/tr>\n<tr>\n<td>Steuernummer SI:<\/td>\n<td>67118178<\/td>\n<\/tr>\n<tr>\n<td>Kennnummer des Unternehmens:<\/td>\n<td>2226740000<\/td>\n<\/tr>\n<tr>\n<td>Mehrwertsteuerpflicht:<\/td>\n<td>Ja\u00a0(SI67118178)<\/td>\n<\/tr>\n<tr>\n<td>Kontonummer:<\/td>\n<td>IBAN SI56 0242 6025 5926 789 (odprt 17.7.2006, NLB d.d.)<\/td>\n<\/tr>\n<tr>\n<td>Adresse:<\/td>\n<td>\u0160kalska cesta 34A,\u00a0Velenje,\u00a03320\u00a0Velenje<\/td>\n<\/tr>\n<tr>\n<td>Anzahl der Angestellten:<\/td>\n<td>10 bis 19 Angestellte<\/td>\n<\/tr>\n<tr>\n<td>TSmedia-Aktivit\u00e4ten:<\/td>\n<td>Baumaschinen, Transport, Metallwaren und -anlagen<\/td>\n<\/tr>\n<tr>\n<td>SBC:<\/td>\n<td>G46.740 Grosshandel mit Eisenwaren, Installateuer- und Heizungsbedarf, sowie Zubeh\u00f6r<\/td>\n<\/tr>\n<tr>\n<td>Eintragungsdatum:<\/td>\n<td>13.9.2006<\/td>\n<\/tr>\n<\/tbody>\n<\/table>\n[\/spb_text_block] [spb_blank_spacer height=&#8220;3rem&#8220; width=&#8220;1\/1&#8243; el_position=&#8220;first last&#8220;] [\/spb_column] [\/spb_row] [spb_section spb_section_id=&#8220;816&#8243; width=&#8220;1\/1&#8243; el_position=&#8220;first last&#8220;]\n","protected":false},"excerpt":{"rendered":"<p>[spb_row element_name=&#8220;Row&#8220; wrap_type=&#8220;content-width&#8220; parallax_image_height=&#8220;content-height&#8220; parallax_image_movement=&#8220;fixed&#8220; parallax_image_speed=&#8220;0.5&#8243; bg_video_loop=&#8220;yes&#8220; parallax_video_height=&#8220;window-height&#8220; parallax_video_overlay=&#8220;none&#8220; row_overlay_opacity=&#8220;0&#8243; row_col_pos=&#8220;default&#8220; minimize_row=&#8220;no&#8220; width=&#8220;1\/1&#8243; el_position=&#8220;first last&#8220;] [spb_column col_sm=&#8220;12&#8243; padding_horizontal=&#8220;0&#8243; width=&#8220;1\/1&#8243; el_position=&#8220;first last&#8220;] [spb_blank_spacer height=&#8220;4rem&#8220; width=&#8220;1\/1&#8243; el_position=&#8220;first last&#8220;] [\/spb_column] [spb_column col_sm=&#8220;6&#8243; padding_horizontal=&#8220;0&#8243; width=&#8220;1\/2&#8243; el_position=&#8220;first&#8220;] [spb_text_block animation=&#8220;none&#8220; animation_delay=&#8220;0&#8243; simplified_controls=&#8220;yes&#8220; custom_css_percentage=&#8220;no&#8220; padding_vertical=&#8220;0&#8243; padding_horizontal=&#8220;0&#8243; margin_vertical=&#8220;0&#8243; custom_css=&#8220;margin-top: 0px;margin-bottom: 0px;&#8220; border_size=&#8220;0&#8243; border_styling_global=&#8220;default&#8220; width=&#8220;3\/4&#8243; el_position=&#8220;first&#8220;] \u00dcBER UNS Unser Unternehmen Kozmus ist ein modernes und innovatives Unternehmen in der [&hellip;]<\/p>\n","protected":false},"author":1,"featured_media":0,"parent":0,"menu_order":0,"comment_status":"closed","ping_status":"closed","template":"","meta":{"footnotes":"","_links_to":"","_links_to_target":""},"class_list":["post-828","page","type-page","status-publish","hentry"],"_links":{"self":[{"href":"https:\/\/kozmus.group\/de\/wp-json\/wp\/v2\/pages\/828","targetHints":{"allow":["GET"]}}],"collection":[{"href":"https:\/\/kozmus.group\/de\/wp-json\/wp\/v2\/pages"}],"about":[{"href":"https:\/\/kozmus.group\/de\/wp-json\/wp\/v2\/types\/page"}],"author":[{"embeddable":true,"href":"https:\/\/kozmus.group\/de\/wp-json\/wp\/v2\/users\/1"}],"replies":[{"embeddable":true,"href":"https:\/\/kozmus.group\/de\/wp-json\/wp\/v2\/comments?post=828"}],"version-history":[{"count":2,"href":"https:\/\/kozmus.group\/de\/wp-json\/wp\/v2\/pages\/828\/revisions"}],"predecessor-version":[{"id":835,"href":"https:\/\/kozmus.group\/de\/wp-json\/wp\/v2\/pages\/828\/revisions\/835"}],"wp:attachment":[{"href":"https:\/\/kozmus.group\/de\/wp-json\/wp\/v2\/media?parent=828"}],"curies":[{"name":"wp","href":"https:\/\/api.w.org\/{rel}","templated":true}]}}